{"id":81,"date":"2021-02-01T09:55:17","date_gmt":"2021-02-01T09:55:17","guid":{"rendered":"https:\/\/mniskanen.fi\/?page_id=81"},"modified":"2024-04-24T12:43:00","modified_gmt":"2024-04-24T12:43:00","slug":"palvelut","status":"publish","type":"page","link":"https:\/\/www.mniskanen.fi\/?page_id=81","title":{"rendered":"Palvelut"},"content":{"rendered":"\t\t<div data-elementor-type=\"wp-page\" data-elementor-id=\"81\" class=\"elementor elementor-81\">\n\t\t\t\t\t\t<section class=\"elementor-section elementor-top-section elementor-element elementor-element-56258c59 elementor-section-boxed elementor-section-height-default elementor-section-height-default\" data-id=\"56258c59\" data-element_type=\"section\" data-e-type=\"section\">\n\t\t\t\t\t\t<div class=\"elementor-container elementor-column-gap-default\">\n\t\t\t\t\t<div class=\"elementor-column elementor-col-100 elementor-top-column elementor-element elementor-element-54cdc265\" data-id=\"54cdc265\" data-element_type=\"column\" data-e-type=\"column\">\n\t\t\t<div class=\"elementor-widget-wrap elementor-element-populated\">\n\t\t\t\t\t\t<div class=\"elementor-element elementor-element-9171fe5 elementor-widget elementor-widget-text-editor\" data-id=\"9171fe5\" data-element_type=\"widget\" data-e-type=\"widget\" data-widget_type=\"text-editor.default\">\n\t\t\t\t<div class=\"elementor-widget-container\">\n\t\t\t\t\t\t\t\t\t<p><\/p>\n<p><\/p>\n<p>Mika K.Niskanen Oy on Iisalmelainen perheyhti\u00f6. <br \/>Toimimme l\u00e4hes kaikilla henkil\u00f6liikenteen osa-alueilla. &#8221;Juuristamme&#8221;\u00a0on yli 35 vuotta joten asiakkaana voit turvallisin mielin nauttia palveluistamme. Toimintaamme kuuluu tilaus-, linja-, palvelu-, sopimus- ja paikallisliikenteen lis\u00e4ksi my\u00f6s erityisryhmien kuljetukset.<br \/>Toimipisteemme ovat Iisalmessa ja Suonenjoella. Tarjoamme my\u00f6s t\u00e4yden palvelun matkapaketteja ryhmille niin koti- kuin ulkomaillekin aputoiminimell\u00e4 MatkaSavo.\u00a0<\/p>\n<p><\/p>\n<p><\/p>\n<p>Henkil\u00f6kuntamme palvelee sinua ammattimaisesti olipa kyse sitten bussin kuljettamisesta, asiakaspalvelusta tai matkapaketin kokoamisesta asiakkaalle. Kuljettajillemme on rutiinia tietenkin turvallisen kyydin antamisen lis\u00e4ksi hyv\u00e4 asiakaspalvelu. Kanssamme voit sopia yksitt\u00e4isest\u00e4 ajosta tai pitk\u00e4lle tulevaisuuteen kest\u00e4v\u00e4st\u00e4 palvelukokonaisuudesta.<\/p>\n<p>Meilt\u00e4 my\u00f6s korjaamopalvelut mukaan lukien esimerkiksi alkolukkojen asennus ja PDF pesut.\u00a0<\/p>\n<p><img fetchpriority=\"high\" decoding=\"async\" class=\"aligncenter size-full wp-image-1476\" src=\"https:\/\/www.mniskanen.fi\/wp-content\/uploads\/2024\/04\/kuva10.jpg\" alt=\"\" width=\"960\" height=\"640\" srcset=\"https:\/\/www.mniskanen.fi\/wp-content\/uploads\/2024\/04\/kuva10.jpg 960w, https:\/\/www.mniskanen.fi\/wp-content\/uploads\/2024\/04\/kuva10-300x200.jpg 300w, https:\/\/www.mniskanen.fi\/wp-content\/uploads\/2024\/04\/kuva10-768x512.jpg 768w\" sizes=\"(max-width: 960px) 100vw, 960px\" \/><\/p>\n<p>\u00a0<\/p>\n<p>\u00a0<\/p>\n<p><\/p>\t\t\t\t\t\t\t\t<\/div>\n\t\t\t\t<\/div>\n\t\t\t\t\t<\/div>\n\t\t<\/div>\n\t\t\t\t\t<\/div>\n\t\t<\/section>\n\t\t\t\t<\/div>\n\t\t","protected":false},"excerpt":{"rendered":"<p>Mika K.Niskanen Oy on Iisalmelainen perheyhti\u00f6. Toimimme l\u00e4hes kaikilla henkil\u00f6liikenteen osa-alueilla. &#8221;Juuristamme&#8221;\u00a0on yli 35 vuotta joten asiakkaana voit turvallisin mielin nauttia palveluistamme. Toimintaamme kuuluu tilaus-, linja-, palvelu-, sopimus- ja paikallisliikenteen lis\u00e4ksi my\u00f6s erityisryhmien kuljetukset.Toimipisteemme ovat Iisalmessa ja Suonenjoella. Tarjoamme my\u00f6s t\u00e4yden palvelun matkapaketteja ryhmille niin koti- kuin ulkomaillekin aputoiminimell\u00e4 MatkaSavo.\u00a0 Henkil\u00f6kuntamme palvelee sinua ammattimaisesti olipa kyse sitten bussin kuljettamisesta, asiakaspalvelusta tai matkapaketin kokoamisesta asiakkaalle. Kuljettajillemme on rutiinia tietenkin turvallisen kyydin antamisen lis\u00e4ksi hyv\u00e4 asiakaspalvelu. Kanssamme voit sopia yksitt\u00e4isest\u00e4 ajosta tai pitk\u00e4lle tulevaisuuteen kest\u00e4v\u00e4st\u00e4 palvelukokonaisuudesta. Meilt\u00e4 my\u00f6s korjaamopalvelut mukaan lukien esimerkiksi alkolukkojen asennus ja PDF pesut.\u00a0 \u00a0 \u00a0<\/p>\n","protected":false},"author":1,"featured_media":74,"parent":0,"menu_order":0,"comment_status":"closed","ping_status":"closed","template":"","meta":{"footnotes":""},"class_list":["post-81","page","type-page","status-publish","has-post-thumbnail","hentry"],"_links":{"self":[{"href":"https:\/\/www.mniskanen.fi\/index.php?rest_route=\/wp\/v2\/pages\/81","targetHints":{"allow":["GET"]}}],"collection":[{"href":"https:\/\/www.mniskanen.fi\/index.php?rest_route=\/wp\/v2\/pages"}],"about":[{"href":"https:\/\/www.mniskanen.fi\/index.php?rest_route=\/wp\/v2\/types\/page"}],"author":[{"embeddable":true,"href":"https:\/\/www.mniskanen.fi\/index.php?rest_route=\/wp\/v2\/users\/1"}],"replies":[{"embeddable":true,"href":"https:\/\/www.mniskanen.fi\/index.php?rest_route=%2Fwp%2Fv2%2Fcomments&post=81"}],"version-history":[{"count":19,"href":"https:\/\/www.mniskanen.fi\/index.php?rest_route=\/wp\/v2\/pages\/81\/revisions"}],"predecessor-version":[{"id":1486,"href":"https:\/\/www.mniskanen.fi\/index.php?rest_route=\/wp\/v2\/pages\/81\/revisions\/1486"}],"wp:featuredmedia":[{"embeddable":true,"href":"https:\/\/www.mniskanen.fi\/index.php?rest_route=\/wp\/v2\/media\/74"}],"wp:attachment":[{"href":"https:\/\/www.mniskanen.fi\/index.php?rest_route=%2Fwp%2Fv2%2Fmedia&parent=81"}],"curies":[{"name":"wp","href":"https:\/\/api.w.org\/{rel}","templated":true}]}}