{"id":484,"date":"2022-06-14T09:15:00","date_gmt":"2022-06-14T09:15:00","guid":{"rendered":"https:\/\/mniskanen.fi\/?page_id=484"},"modified":"2024-08-01T11:20:02","modified_gmt":"2024-08-01T11:20:02","slug":"aikataulut","status":"publish","type":"page","link":"https:\/\/www.mniskanen.fi\/?page_id=484","title":{"rendered":"Kuljetukset"},"content":{"rendered":"<h2><strong>Kuljetukset<\/strong><\/h2>\n<h4>Alav\u00e4lilehdist\u00e4 saat lis\u00e4tietoa liikenn\u00f6imist\u00e4mme reiteist\u00e4, koulukuljetuksista sek\u00e4 palveluliikenteest\u00e4.<\/h4>\n<p>&nbsp;<\/p>\n<h3><strong>Alla olevasta linkist\u00e4 p\u00e4\u00e4set hakemaan aikataulujamme Matkahuollon sivuilta.\u00a0<\/strong><\/h3>\n<p><a href=\"https:\/\/www.matkahuolto.fi\/matkustajat\/bussiliput-ja-matkakortit\">Matkahuolto<\/a><\/p>\n<p>&nbsp;<\/p>\n<p>&nbsp;<\/p>\n","protected":false},"excerpt":{"rendered":"<p>Kuljetukset Alav\u00e4lilehdist\u00e4 saat lis\u00e4tietoa liikenn\u00f6imist\u00e4mme reiteist\u00e4, koulukuljetuksista sek\u00e4 palveluliikenteest\u00e4. &nbsp; Alla olevasta linkist\u00e4 p\u00e4\u00e4set hakemaan aikataulujamme Matkahuollon sivuilta.\u00a0 Matkahuolto &nbsp; &nbsp;<\/p>\n","protected":false},"author":1,"featured_media":0,"parent":0,"menu_order":0,"comment_status":"closed","ping_status":"closed","template":"","meta":{"footnotes":""},"class_list":["post-484","page","type-page","status-publish","hentry"],"_links":{"self":[{"href":"https:\/\/www.mniskanen.fi\/index.php?rest_route=\/wp\/v2\/pages\/484","targetHints":{"allow":["GET"]}}],"collection":[{"href":"https:\/\/www.mniskanen.fi\/index.php?rest_route=\/wp\/v2\/pages"}],"about":[{"href":"https:\/\/www.mniskanen.fi\/index.php?rest_route=\/wp\/v2\/types\/page"}],"author":[{"embeddable":true,"href":"https:\/\/www.mniskanen.fi\/index.php?rest_route=\/wp\/v2\/users\/1"}],"replies":[{"embeddable":true,"href":"https:\/\/www.mniskanen.fi\/index.php?rest_route=%2Fwp%2Fv2%2Fcomments&post=484"}],"version-history":[{"count":8,"href":"https:\/\/www.mniskanen.fi\/index.php?rest_route=\/wp\/v2\/pages\/484\/revisions"}],"predecessor-version":[{"id":1674,"href":"https:\/\/www.mniskanen.fi\/index.php?rest_route=\/wp\/v2\/pages\/484\/revisions\/1674"}],"wp:attachment":[{"href":"https:\/\/www.mniskanen.fi\/index.php?rest_route=%2Fwp%2Fv2%2Fmedia&parent=484"}],"curies":[{"name":"wp","href":"https:\/\/api.w.org\/{rel}","templated":true}]}}