{"id":36,"date":"2020-08-24T07:46:54","date_gmt":"2020-08-24T07:46:54","guid":{"rendered":"https:\/\/mniskanen.fi\/?page_id=36"},"modified":"2025-08-07T07:21:58","modified_gmt":"2025-08-07T07:21:58","slug":"matkasavo","status":"publish","type":"page","link":"https:\/\/www.mniskanen.fi\/?page_id=36","title":{"rendered":"MatkaSavo"},"content":{"rendered":"\r\n\r\n\r\n<h3>Bussimatkat kotimaahan, Pohjoismaihin ja muualle Eurooppaan!<\/h3>\r\n<p>MatkaSavo on Iisalmessa toimiva v. 2012 perustettu yksityinen matkanj\u00e4rjest\u00e4j\u00e4. MatkaSavo palvelee <strong>ryhmi\u00e4<\/strong> r\u00e4\u00e4t\u00e4l\u00f6idyin matkapaketein, ryhm\u00e4n toiveiden ja tarpeiden mukaan. Teemme kaikkemme, jotta matkasi meid\u00e4n j\u00e4rjest\u00e4m\u00e4n\u00e4 olisi ikimuistoinen kokemus sinulle ja ryhm\u00e4llesi.<\/p>\r\n<p>Voit olla yhteydess\u00e4 meihin, mik\u00e4li sinulla on kasassa pienempikin ryhm\u00e4. R\u00e4\u00e4t\u00e4l\u00f6id\u00e4\u00e4n matkasta juuri Teille mieluinen.<\/p>\r\n<p>Mika K. Niskanen Oy \/ MatkaSavo on Kuluttajavirastoon rekister\u00f6itynyt vakuuden antanut Matkanj\u00e4rjest\u00e4j\u00e4 ja Matkanv\u00e4litt\u00e4j\u00e4 (4011\/03\/MjMv).<\/p>\r\n<p><a href=\"https:\/\/www.mniskanen.fi\/?p=1402\">Tietosuojaseloste<\/a><\/p>\r\n<p><img fetchpriority=\"high\" decoding=\"async\" class=\"aligncenter size-full wp-image-549\" src=\"https:\/\/www.mniskanen.fi\/wp-content\/uploads\/2022\/06\/Auto_kirkon_edessa_banneriin-scaled.jpg\" alt=\"\" width=\"2560\" height=\"1443\" srcset=\"https:\/\/www.mniskanen.fi\/wp-content\/uploads\/2022\/06\/Auto_kirkon_edessa_banneriin-scaled.jpg 2560w, https:\/\/www.mniskanen.fi\/wp-content\/uploads\/2022\/06\/Auto_kirkon_edessa_banneriin-300x169.jpg 300w, https:\/\/www.mniskanen.fi\/wp-content\/uploads\/2022\/06\/Auto_kirkon_edessa_banneriin-1024x577.jpg 1024w, https:\/\/www.mniskanen.fi\/wp-content\/uploads\/2022\/06\/Auto_kirkon_edessa_banneriin-768x433.jpg 768w, https:\/\/www.mniskanen.fi\/wp-content\/uploads\/2022\/06\/Auto_kirkon_edessa_banneriin-1536x866.jpg 1536w, https:\/\/www.mniskanen.fi\/wp-content\/uploads\/2022\/06\/Auto_kirkon_edessa_banneriin-2048x1154.jpg 2048w\" sizes=\"(max-width: 2560px) 100vw, 2560px\" \/><\/p>\r\n<h2><strong>Hyv\u00e4 tiet\u00e4\u00e4<\/strong><\/h2>\r\n<p style=\"background: 0px 0px #f6f6f6; border: 0px; margin-top: 15px; margin-bottom: 15px; vertical-align: baseline; outline: 0px; color: #333333; font-family: Roboto, sans-serif;\"><a style=\"background: 0px 0px; border: 0px; vertical-align: baseline; outline: 0px; color: #12407d; cursor: pointer;\" href=\"https:\/\/www.kkv.fi\/Tietoa-ja-ohjeita\/Ostaminen-myyminen-ja-sopimukset\/sopimukset\/vakiosopimusehdot\/yleiset-matkapakettiehdot\/\">Yleiset matkapaketti ehdot<\/a><\/p>\r\n<p style=\"background: 0px 0px #f6f6f6; border: 0px; margin-top: 15px; margin-bottom: 15px; vertical-align: baseline; outline: 0px; color: #333333; font-family: Roboto, sans-serif;\"><a style=\"background: 0px 0px; border: 0px; vertical-align: baseline; outline: 0px; color: #12407d; cursor: pointer;\" href=\"https:\/\/matkasavo.fi\/wp-content\/uploads\/2019\/02\/Tietosuoja-rekisteri-2018-MN-MS.pdf\">Tietosuojaseloste<\/a><\/p>\r\n<p style=\"background: 0px 0px #f6f6f6; border: 0px; margin-top: 15px; margin-bottom: 15px; vertical-align: baseline; outline: 0px; color: #333333; font-family: Roboto, sans-serif;\"><a style=\"background: 0px 0px; border: 0px; vertical-align: baseline; outline: 0px; color: #12407d; cursor: pointer;\" href=\"https:\/\/www.terveyskirjasto.fi\/terveyskirjasto\/ktl.mat?p_artikkeli=mat00225\">Matkailijan on t\u00e4rke\u00e4\u00e4 muistaa<\/a><\/p>\r\n<p style=\"background: 0px 0px #f6f6f6; border: 0px; margin-top: 15px; margin-bottom: 15px; vertical-align: baseline; outline: 0px; color: #333333; font-family: Roboto, sans-serif;\"><a style=\"background: 0px 0px; border: 0px; vertical-align: baseline; outline: 0px; color: #12407d; cursor: pointer;\" href=\"https:\/\/www.poliisi.fi\/passi\">Passi<\/a><\/p>\r\n<p style=\"background: 0px 0px #f6f6f6; border: 0px; margin-top: 15px; margin-bottom: 15px; vertical-align: baseline; outline: 0px; color: #333333; font-family: Roboto, sans-serif;\"><a style=\"background: 0px 0px; border: 0px; vertical-align: baseline; outline: 0px; color: #12407d; cursor: pointer;\" href=\"https:\/\/www.poliisi.fi\/henkilokortti\/henkilokortin_kaytto\">Virallinen henkil\u00f6kortti<\/a><\/p>\r\n<p style=\"background: 0px 0px #f6f6f6; border: 0px; margin-top: 15px; margin-bottom: 15px; vertical-align: baseline; outline: 0px; color: #333333; font-family: Roboto, sans-serif;\"><a style=\"background: 0px 0px; border: 0px; vertical-align: baseline; outline: 0px; color: #12407d; cursor: pointer;\" href=\"https:\/\/www.rokote.fi\/\">Rokotukset<\/a><\/p>\r\n<p style=\"background: 0px 0px #f6f6f6; border: 0px; margin-top: 15px; margin-bottom: 15px; vertical-align: baseline; outline: 0px; color: #333333; font-family: Roboto, sans-serif;\"><a style=\"background: 0px 0px; border: 0px; vertical-align: baseline; outline: 0px; color: #12407d; cursor: pointer;\" href=\"https:\/\/www.kela.fi\/eurooppalainen-sairaanhoitokortti\">Eurooppalainen sairaanhoitokortti<\/a><\/p>\r\n<p style=\"background: 0px 0px #f6f6f6; border: 0px; margin-top: 15px; margin-bottom: 15px; vertical-align: baseline; outline: 0px; color: #333333; font-family: Roboto, sans-serif;\"><a style=\"background: 0px 0px; border: 0px; vertical-align: baseline; outline: 0px; color: #12407d; cursor: pointer;\" href=\"https:\/\/um.fi\/matkustustiedotteet-a-o\">Matkustustiedotteet<\/a><\/p>\r\n<p style=\"background: 0px 0px #f6f6f6; border: 0px; margin-top: 15px; margin-bottom: 15px; vertical-align: baseline; outline: 0px; color: #333333; font-family: Roboto, sans-serif;\"><a style=\"background: 0px 0px; border: 0px; vertical-align: baseline; outline: 0px; color: #12407d; cursor: pointer;\" href=\"https:\/\/um.fi\/matkustusilmoitus\">Matkustusilmoitus<\/a><\/p>\r\n<p><a style=\"background: 0px 0px; border: 0px; vertical-align: baseline; outline: 0px; color: #12407d; cursor: pointer;\" href=\"https:\/\/www.forex.fi\/forex\/pages\/frameconverter\/FrameConverter.aspx?sid=425&amp;lang=fi&amp;amount=100&amp;from=EUR&amp;to=AUD\">Valuutta laskin<\/a><\/p>\r\n<p><a style=\"background: 0px 0px; border: 0px; vertical-align: baseline; outline: 0px; color: #12407d; cursor: pointer;\" href=\"https:\/\/www.tallinksilja.fi\/ikasaanto\">Tallink Silja<\/a><\/p>\r\n<p><a style=\"background: 0px 0px; border: 0px; vertical-align: baseline; outline: 0px; color: #12407d; cursor: pointer;\" href=\"https:\/\/www.vikingline.fi\/valitse-matka\/hyva-tietaa\/ikarajat\/\">Viking Line<\/a><\/p>\r\n<p><a style=\"background: 0px 0px; border: 0px; vertical-align: baseline; outline: 0px; color: #12407d; cursor: pointer;\" href=\"https:\/\/www.eckeroline.fi\/matkaehdot\">Ecker\u00f6 Line<\/a><\/p>\r\n<h3><strong>Matkavakuutus<\/strong><\/h3>\r\n<p>Suosittelemme matkustaja- ja matkatavaravakuutuksen ottamista kaikille matkoille.\u00a0<\/p>\r\n<p>&nbsp;<\/p>\r\n<p>&nbsp;<\/p>\r\n","protected":false},"excerpt":{"rendered":"<p>Bussimatkat kotimaahan, Pohjoismaihin ja muualle Eurooppaan! MatkaSavo on Iisalmessa toimiva v. 2012 perustettu yksityinen matkanj\u00e4rjest\u00e4j\u00e4. MatkaSavo palvelee ryhmi\u00e4 r\u00e4\u00e4t\u00e4l\u00f6idyin matkapaketein, ryhm\u00e4n toiveiden ja tarpeiden mukaan. Teemme kaikkemme, jotta matkasi meid\u00e4n j\u00e4rjest\u00e4m\u00e4n\u00e4 olisi ikimuistoinen kokemus sinulle ja ryhm\u00e4llesi. Voit olla yhteydess\u00e4 meihin, mik\u00e4li sinulla on kasassa pienempikin ryhm\u00e4. R\u00e4\u00e4t\u00e4l\u00f6id\u00e4\u00e4n matkasta juuri Teille mieluinen. Mika K. Niskanen Oy \/ MatkaSavo on Kuluttajavirastoon rekister\u00f6itynyt vakuuden antanut Matkanj\u00e4rjest\u00e4j\u00e4 ja Matkanv\u00e4litt\u00e4j\u00e4 (4011\/03\/MjMv). Tietosuojaseloste Hyv\u00e4 tiet\u00e4\u00e4 Yleiset matkapaketti ehdot Tietosuojaseloste Matkailijan on t\u00e4rke\u00e4\u00e4 muistaa Passi Virallinen henkil\u00f6kortti Rokotukset Eurooppalainen sairaanhoitokortti Matkustustiedotteet Matkustusilmoitus Valuutta laskin Tallink Silja Viking Line Ecker\u00f6 Line Matkavakuutus Suosittelemme matkustaja- ja matkatavaravakuutuksen ottamista&#8230; <\/p>\n","protected":false},"author":1,"featured_media":407,"parent":0,"menu_order":0,"comment_status":"closed","ping_status":"closed","template":"","meta":{"footnotes":""},"class_list":["post-36","page","type-page","status-publish","has-post-thumbnail","hentry"],"_links":{"self":[{"href":"https:\/\/www.mniskanen.fi\/index.php?rest_route=\/wp\/v2\/pages\/36","targetHints":{"allow":["GET"]}}],"collection":[{"href":"https:\/\/www.mniskanen.fi\/index.php?rest_route=\/wp\/v2\/pages"}],"about":[{"href":"https:\/\/www.mniskanen.fi\/index.php?rest_route=\/wp\/v2\/types\/page"}],"author":[{"embeddable":true,"href":"https:\/\/www.mniskanen.fi\/index.php?rest_route=\/wp\/v2\/users\/1"}],"replies":[{"embeddable":true,"href":"https:\/\/www.mniskanen.fi\/index.php?rest_route=%2Fwp%2Fv2%2Fcomments&post=36"}],"version-history":[{"count":115,"href":"https:\/\/www.mniskanen.fi\/index.php?rest_route=\/wp\/v2\/pages\/36\/revisions"}],"predecessor-version":[{"id":1828,"href":"https:\/\/www.mniskanen.fi\/index.php?rest_route=\/wp\/v2\/pages\/36\/revisions\/1828"}],"wp:featuredmedia":[{"embeddable":true,"href":"https:\/\/www.mniskanen.fi\/index.php?rest_route=\/wp\/v2\/media\/407"}],"wp:attachment":[{"href":"https:\/\/www.mniskanen.fi\/index.php?rest_route=%2Fwp%2Fv2%2Fmedia&parent=36"}],"curies":[{"name":"wp","href":"https:\/\/api.w.org\/{rel}","templated":true}]}}