{"id":308,"date":"2021-03-31T14:00:42","date_gmt":"2021-03-31T14:00:42","guid":{"rendered":"https:\/\/mniskanen.fi\/?page_id=308"},"modified":"2025-07-28T09:18:05","modified_gmt":"2025-07-28T09:18:05","slug":"m-niskanen-oy-2","status":"publish","type":"page","link":"https:\/\/www.mniskanen.fi\/?page_id=308","title":{"rendered":"M. Niskanen Oy"},"content":{"rendered":"<h2 id=\"madpages_element_title_1_1\" class=\"madpages_element\">Mika K. Niskanen Oy on Iisalmelainen perheyhti\u00f6.<\/h2>\n<p>Yrityksemme toimii henkil\u00f6liikenneluvan nojalla ja toimimme l\u00e4hes kaikilla henkil\u00f6liikenteen osa-alueilla. &#8221;Juuristamme&#8221; on yli 35 vuotta joten asiakkaana voit turvallisin mielin nauttia palveluistamme. Toimintaamme kuuluu tilaus-, linja-, palvelu-, sopimus- ja \u00a0paikallisliikenteen lis\u00e4ksi my\u00f6s erityisryhmien kuljetukset.<\/p>\n<p>Toimipisteemme ovat Iisalmessa ja Suonenjoella. Tarjoamme my\u00f6s t\u00e4yden palvelun matkapaketteja r\u00e4\u00e4t\u00e4l\u00f6ityn\u00e4 ryhmille, niin koti- kuin ulkomaillekin aputoiminimell\u00e4 MatkaSavo.<\/p>\n<p>Henkil\u00f6kuntamme ovat motivoituneita alansa ammattilaisia olipa kyse sitten bussin kuljettamisesta , asiakaspalvelusta tai matkapaketin kokoamisesta asiakkaalle. Kuljettajillemme on rutiinia tietenkin turvallisen kyydin antamisen lis\u00e4ksi hyv\u00e4 asiakaspalvelu.<\/p>\n<p>Tarjoamme my\u00f6s korjaamopalveluita mukaan lukien esimerkiksi alkolukkojen asennus ja DPF pesut.<\/p>\n<p><img fetchpriority=\"high\" decoding=\"async\" class=\"alignnone wp-image-408 size-full\" src=\"https:\/\/www.mniskanen.fi\/wp-content\/uploads\/2022\/02\/Auto-EHF-640.jpg\" alt=\"\" width=\"916\" height=\"611\" srcset=\"https:\/\/www.mniskanen.fi\/wp-content\/uploads\/2022\/02\/Auto-EHF-640.jpg 916w, https:\/\/www.mniskanen.fi\/wp-content\/uploads\/2022\/02\/Auto-EHF-640-300x200.jpg 300w, https:\/\/www.mniskanen.fi\/wp-content\/uploads\/2022\/02\/Auto-EHF-640-768x512.jpg 768w\" sizes=\"(max-width: 916px) 100vw, 916px\" \/><\/p>\n","protected":false},"excerpt":{"rendered":"<p>Mika K. Niskanen Oy on Iisalmelainen perheyhti\u00f6. Yrityksemme toimii henkil\u00f6liikenneluvan nojalla ja toimimme l\u00e4hes kaikilla henkil\u00f6liikenteen osa-alueilla. &#8221;Juuristamme&#8221; on yli 35 vuotta joten asiakkaana voit turvallisin mielin nauttia palveluistamme. Toimintaamme kuuluu tilaus-, linja-, palvelu-, sopimus- ja \u00a0paikallisliikenteen lis\u00e4ksi my\u00f6s erityisryhmien kuljetukset. Toimipisteemme ovat Iisalmessa ja Suonenjoella. Tarjoamme my\u00f6s t\u00e4yden palvelun matkapaketteja r\u00e4\u00e4t\u00e4l\u00f6ityn\u00e4 ryhmille, niin koti- kuin ulkomaillekin aputoiminimell\u00e4 MatkaSavo. Henkil\u00f6kuntamme ovat motivoituneita alansa ammattilaisia olipa kyse sitten bussin kuljettamisesta , asiakaspalvelusta tai matkapaketin kokoamisesta asiakkaalle. Kuljettajillemme on rutiinia tietenkin turvallisen kyydin antamisen lis\u00e4ksi hyv\u00e4 asiakaspalvelu. Tarjoamme my\u00f6s korjaamopalveluita mukaan lukien esimerkiksi alkolukkojen asennus ja DPF pesut.<\/p>\n","protected":false},"author":1,"featured_media":406,"parent":366,"menu_order":0,"comment_status":"closed","ping_status":"closed","template":"","meta":{"footnotes":""},"class_list":["post-308","page","type-page","status-publish","has-post-thumbnail","hentry"],"_links":{"self":[{"href":"https:\/\/www.mniskanen.fi\/index.php?rest_route=\/wp\/v2\/pages\/308","targetHints":{"allow":["GET"]}}],"collection":[{"href":"https:\/\/www.mniskanen.fi\/index.php?rest_route=\/wp\/v2\/pages"}],"about":[{"href":"https:\/\/www.mniskanen.fi\/index.php?rest_route=\/wp\/v2\/types\/page"}],"author":[{"embeddable":true,"href":"https:\/\/www.mniskanen.fi\/index.php?rest_route=\/wp\/v2\/users\/1"}],"replies":[{"embeddable":true,"href":"https:\/\/www.mniskanen.fi\/index.php?rest_route=%2Fwp%2Fv2%2Fcomments&post=308"}],"version-history":[{"count":40,"href":"https:\/\/www.mniskanen.fi\/index.php?rest_route=\/wp\/v2\/pages\/308\/revisions"}],"predecessor-version":[{"id":1809,"href":"https:\/\/www.mniskanen.fi\/index.php?rest_route=\/wp\/v2\/pages\/308\/revisions\/1809"}],"up":[{"embeddable":true,"href":"https:\/\/www.mniskanen.fi\/index.php?rest_route=\/wp\/v2\/pages\/366"}],"wp:featuredmedia":[{"embeddable":true,"href":"https:\/\/www.mniskanen.fi\/index.php?rest_route=\/wp\/v2\/media\/406"}],"wp:attachment":[{"href":"https:\/\/www.mniskanen.fi\/index.php?rest_route=%2Fwp%2Fv2%2Fmedia&parent=308"}],"curies":[{"name":"wp","href":"https:\/\/api.w.org\/{rel}","templated":true}]}}