{"id":1813,"date":"2025-08-07T06:55:59","date_gmt":"2025-08-07T06:55:59","guid":{"rendered":"https:\/\/www.mniskanen.fi\/?page_id=1813"},"modified":"2025-08-07T07:06:43","modified_gmt":"2025-08-07T07:06:43","slug":"koulukuljetukset-lapinlahti","status":"publish","type":"page","link":"https:\/\/www.mniskanen.fi\/?page_id=1813","title":{"rendered":"Koulukuljetukset Lapinlahti"},"content":{"rendered":"<h2><strong>Lapinlahden kunnan koulukuljetukset<\/strong><\/h2>\n<p>Liikenn\u00f6imme Lapinlahden kunnan koulukuljetuksia reiteill\u00e4 1, 2, 3, 4, 5, 8, 9.<\/p>\n<p>Lapinlahden kouluajoihin liittyviss\u00e4 asioissa voitte olla yhteydess\u00e4 puhelimitse 0400 647 056 tai s\u00e4hk\u00f6postitse lapinlahti@mniskanen.fi<\/p>\n","protected":false},"excerpt":{"rendered":"<p>Lapinlahden kunnan koulukuljetukset Liikenn\u00f6imme Lapinlahden kunnan koulukuljetuksia reiteill\u00e4 1, 2, 3, 4, 5, 8, 9. Lapinlahden kouluajoihin liittyviss\u00e4 asioissa voitte olla yhteydess\u00e4 puhelimitse 0400 647 056 tai s\u00e4hk\u00f6postitse lapinlahti@mniskanen.fi<\/p>\n","protected":false},"author":2,"featured_media":0,"parent":0,"menu_order":0,"comment_status":"closed","ping_status":"closed","template":"","meta":{"footnotes":""},"class_list":["post-1813","page","type-page","status-publish","hentry"],"_links":{"self":[{"href":"https:\/\/www.mniskanen.fi\/index.php?rest_route=\/wp\/v2\/pages\/1813","targetHints":{"allow":["GET"]}}],"collection":[{"href":"https:\/\/www.mniskanen.fi\/index.php?rest_route=\/wp\/v2\/pages"}],"about":[{"href":"https:\/\/www.mniskanen.fi\/index.php?rest_route=\/wp\/v2\/types\/page"}],"author":[{"embeddable":true,"href":"https:\/\/www.mniskanen.fi\/index.php?rest_route=\/wp\/v2\/users\/2"}],"replies":[{"embeddable":true,"href":"https:\/\/www.mniskanen.fi\/index.php?rest_route=%2Fwp%2Fv2%2Fcomments&post=1813"}],"version-history":[{"count":3,"href":"https:\/\/www.mniskanen.fi\/index.php?rest_route=\/wp\/v2\/pages\/1813\/revisions"}],"predecessor-version":[{"id":1821,"href":"https:\/\/www.mniskanen.fi\/index.php?rest_route=\/wp\/v2\/pages\/1813\/revisions\/1821"}],"wp:attachment":[{"href":"https:\/\/www.mniskanen.fi\/index.php?rest_route=%2Fwp%2Fv2%2Fmedia&parent=1813"}],"curies":[{"name":"wp","href":"https:\/\/api.w.org\/{rel}","templated":true}]}}