{"id":1687,"date":"2024-08-19T11:13:53","date_gmt":"2024-08-19T11:13:53","guid":{"rendered":"https:\/\/www.mniskanen.fi\/?page_id=1687"},"modified":"2024-08-19T11:13:53","modified_gmt":"2024-08-19T11:13:53","slug":"nilsian-sisaiset-yhteydet","status":"publish","type":"page","link":"https:\/\/www.mniskanen.fi\/?page_id=1687","title":{"rendered":"Nilsi\u00e4n sis\u00e4iset yhteydet"},"content":{"rendered":"<h2>Vilkku &#8211; Kuopion seudun joukkoliikenne<br \/>\nNilsi\u00e4n sis\u00e4iset yhteydet<\/h2>\n<p>&nbsp;<\/p>\n<p>Liikenn\u00f6imme Nilsi\u00e4ss\u00e4 linjoja 62-68.<\/p>\n<p><a href=\"https:\/\/vilkku.kuopio.fi\/62-68-nilsian-sisaiset-yhteydet\">T\u00e4st\u00e4 linkist\u00e4 aikatauluihin.<\/a><\/p>\n<p>&nbsp;<\/p>\n<p><img decoding=\"async\" src=\"https:\/\/www.ilovekuopio.fi\/images\/2023\/February\/xl\/vilkkubanneri.jpg\" alt=\"Vilkku, Kuopion seudun joukkoliikenne | Kuopio region Public Transport\" \/><\/p>\n","protected":false},"excerpt":{"rendered":"<p>Vilkku &#8211; Kuopion seudun joukkoliikenne Nilsi\u00e4n sis\u00e4iset yhteydet &nbsp; Liikenn\u00f6imme Nilsi\u00e4ss\u00e4 linjoja 62-68. T\u00e4st\u00e4 linkist\u00e4 aikatauluihin. &nbsp;<\/p>\n","protected":false},"author":2,"featured_media":0,"parent":0,"menu_order":0,"comment_status":"closed","ping_status":"closed","template":"","meta":{"footnotes":""},"class_list":["post-1687","page","type-page","status-publish","hentry"],"_links":{"self":[{"href":"https:\/\/www.mniskanen.fi\/index.php?rest_route=\/wp\/v2\/pages\/1687","targetHints":{"allow":["GET"]}}],"collection":[{"href":"https:\/\/www.mniskanen.fi\/index.php?rest_route=\/wp\/v2\/pages"}],"about":[{"href":"https:\/\/www.mniskanen.fi\/index.php?rest_route=\/wp\/v2\/types\/page"}],"author":[{"embeddable":true,"href":"https:\/\/www.mniskanen.fi\/index.php?rest_route=\/wp\/v2\/users\/2"}],"replies":[{"embeddable":true,"href":"https:\/\/www.mniskanen.fi\/index.php?rest_route=%2Fwp%2Fv2%2Fcomments&post=1687"}],"version-history":[{"count":1,"href":"https:\/\/www.mniskanen.fi\/index.php?rest_route=\/wp\/v2\/pages\/1687\/revisions"}],"predecessor-version":[{"id":1689,"href":"https:\/\/www.mniskanen.fi\/index.php?rest_route=\/wp\/v2\/pages\/1687\/revisions\/1689"}],"wp:attachment":[{"href":"https:\/\/www.mniskanen.fi\/index.php?rest_route=%2Fwp%2Fv2%2Fmedia&parent=1687"}],"curies":[{"name":"wp","href":"https:\/\/api.w.org\/{rel}","templated":true}]}}