{"id":1613,"date":"2024-05-27T12:16:44","date_gmt":"2024-05-27T12:16:44","guid":{"rendered":"https:\/\/www.mniskanen.fi\/?page_id=1613"},"modified":"2025-08-15T10:57:13","modified_gmt":"2025-08-15T10:57:13","slug":"joukkis","status":"publish","type":"page","link":"https:\/\/www.mniskanen.fi\/?page_id=1613","title":{"rendered":"Joukkis Joensuu, Varpaisj\u00e4rvi"},"content":{"rendered":"<h2>Varpaisj\u00e4rvi &#8211; Iisalmi &#8211; Varpaisj\u00e4rvi<br \/>\nJoensuu &#8211; Iisalmi &#8211; Joensuu<\/h2>\n<p>Lis\u00e4tietoa Joukkis lipuista <a href=\"https:\/\/www.ely-keskus.fi\/web\/joukkis\">joukkis.fi<\/a><br \/>\nYhteyden suoraan kuljettajaan linjan aikana saatte numerosta 044 763 3587.<\/p>\n<p><img fetchpriority=\"high\" decoding=\"async\" class=\"aligncenter size-full wp-image-1800\" src=\"https:\/\/www.mniskanen.fi\/wp-content\/uploads\/2025\/05\/Nayttokuva_30-5-2025_14400_.jpeg\" alt=\"\" width=\"1027\" height=\"712\" srcset=\"https:\/\/www.mniskanen.fi\/wp-content\/uploads\/2025\/05\/Nayttokuva_30-5-2025_14400_.jpeg 1027w, https:\/\/www.mniskanen.fi\/wp-content\/uploads\/2025\/05\/Nayttokuva_30-5-2025_14400_-300x208.jpeg 300w, https:\/\/www.mniskanen.fi\/wp-content\/uploads\/2025\/05\/Nayttokuva_30-5-2025_14400_-1024x710.jpeg 1024w, https:\/\/www.mniskanen.fi\/wp-content\/uploads\/2025\/05\/Nayttokuva_30-5-2025_14400_-768x532.jpeg 768w\" sizes=\"(max-width: 1027px) 100vw, 1027px\" \/><\/p>\n","protected":false},"excerpt":{"rendered":"<p>Varpaisj\u00e4rvi &#8211; Iisalmi &#8211; Varpaisj\u00e4rvi Joensuu &#8211; Iisalmi &#8211; Joensuu Lis\u00e4tietoa Joukkis lipuista joukkis.fi Yhteyden suoraan kuljettajaan linjan aikana saatte numerosta 044 763 3587.<\/p>\n","protected":false},"author":2,"featured_media":0,"parent":0,"menu_order":0,"comment_status":"closed","ping_status":"closed","template":"","meta":{"footnotes":""},"class_list":["post-1613","page","type-page","status-publish","hentry"],"_links":{"self":[{"href":"https:\/\/www.mniskanen.fi\/index.php?rest_route=\/wp\/v2\/pages\/1613","targetHints":{"allow":["GET"]}}],"collection":[{"href":"https:\/\/www.mniskanen.fi\/index.php?rest_route=\/wp\/v2\/pages"}],"about":[{"href":"https:\/\/www.mniskanen.fi\/index.php?rest_route=\/wp\/v2\/types\/page"}],"author":[{"embeddable":true,"href":"https:\/\/www.mniskanen.fi\/index.php?rest_route=\/wp\/v2\/users\/2"}],"replies":[{"embeddable":true,"href":"https:\/\/www.mniskanen.fi\/index.php?rest_route=%2Fwp%2Fv2%2Fcomments&post=1613"}],"version-history":[{"count":10,"href":"https:\/\/www.mniskanen.fi\/index.php?rest_route=\/wp\/v2\/pages\/1613\/revisions"}],"predecessor-version":[{"id":1839,"href":"https:\/\/www.mniskanen.fi\/index.php?rest_route=\/wp\/v2\/pages\/1613\/revisions\/1839"}],"wp:attachment":[{"href":"https:\/\/www.mniskanen.fi\/index.php?rest_route=%2Fwp%2Fv2%2Fmedia&parent=1613"}],"curies":[{"name":"wp","href":"https:\/\/api.w.org\/{rel}","templated":true}]}}