{"id":1542,"date":"2024-04-25T12:51:23","date_gmt":"2024-04-25T12:51:23","guid":{"rendered":"https:\/\/www.mniskanen.fi\/?page_id=1542"},"modified":"2025-08-07T06:58:05","modified_gmt":"2025-08-07T06:58:05","slug":"iisalmen-palveluliikenne","status":"publish","type":"page","link":"https:\/\/www.mniskanen.fi\/?page_id=1542","title":{"rendered":"Palveluliikenne Iisalmi"},"content":{"rendered":"<h2>Iisalmen kaupungin Pali -palveluliikenne<\/h2>\n<p><a href=\"https:\/\/iisalmi.fi\/asuminen-ja-ymparisto\/kadut-ja-liikenne\/julkinen-liikenne\/pali-palveluliikenne\/?highlight=palveluliikenne\">T\u00e4st\u00e4 linkist\u00e4 n\u00e4et tietoa Iisalmen kaupungin palveluliikenteest\u00e4.<\/a><\/p>\n<p>Maaseutu- ja kaupunkipali-autot liikenn\u00f6iv\u00e4t arkisin klo 08:00-17:00 (tauko 12:00-13:00)<br \/>\nja lis\u00e4ksi kaupunkipali liikenn\u00f6i my\u00f6s lauantaisin klo 09:00-14:00.<\/p>\n<p><strong>Yhteystiedot:<\/strong><\/p>\n<p>Kaupunkipali, puh. 044 705 5034<br \/>\nMaaseutupali, puh. 0400 683 746<\/p>\n","protected":false},"excerpt":{"rendered":"<p>Iisalmen kaupungin Pali -palveluliikenne T\u00e4st\u00e4 linkist\u00e4 n\u00e4et tietoa Iisalmen kaupungin palveluliikenteest\u00e4. Maaseutu- ja kaupunkipali-autot liikenn\u00f6iv\u00e4t arkisin klo 08:00-17:00 (tauko 12:00-13:00) ja lis\u00e4ksi kaupunkipali liikenn\u00f6i my\u00f6s lauantaisin klo 09:00-14:00. Yhteystiedot: Kaupunkipali, puh. 044 705 5034 Maaseutupali, puh. 0400 683 746<\/p>\n","protected":false},"author":2,"featured_media":0,"parent":0,"menu_order":0,"comment_status":"closed","ping_status":"closed","template":"","meta":{"footnotes":""},"class_list":["post-1542","page","type-page","status-publish","hentry"],"_links":{"self":[{"href":"https:\/\/www.mniskanen.fi\/index.php?rest_route=\/wp\/v2\/pages\/1542","targetHints":{"allow":["GET"]}}],"collection":[{"href":"https:\/\/www.mniskanen.fi\/index.php?rest_route=\/wp\/v2\/pages"}],"about":[{"href":"https:\/\/www.mniskanen.fi\/index.php?rest_route=\/wp\/v2\/types\/page"}],"author":[{"embeddable":true,"href":"https:\/\/www.mniskanen.fi\/index.php?rest_route=\/wp\/v2\/users\/2"}],"replies":[{"embeddable":true,"href":"https:\/\/www.mniskanen.fi\/index.php?rest_route=%2Fwp%2Fv2%2Fcomments&post=1542"}],"version-history":[{"count":4,"href":"https:\/\/www.mniskanen.fi\/index.php?rest_route=\/wp\/v2\/pages\/1542\/revisions"}],"predecessor-version":[{"id":1817,"href":"https:\/\/www.mniskanen.fi\/index.php?rest_route=\/wp\/v2\/pages\/1542\/revisions\/1817"}],"wp:attachment":[{"href":"https:\/\/www.mniskanen.fi\/index.php?rest_route=%2Fwp%2Fv2%2Fmedia&parent=1542"}],"curies":[{"name":"wp","href":"https:\/\/api.w.org\/{rel}","templated":true}]}}