{"id":1391,"date":"2024-04-24T09:02:10","date_gmt":"2024-04-24T09:02:10","guid":{"rendered":"https:\/\/www.mniskanen.fi\/?page_id=1391"},"modified":"2024-04-25T09:02:33","modified_gmt":"2024-04-25T09:02:33","slug":"invakuljetukset","status":"publish","type":"page","link":"https:\/\/www.mniskanen.fi\/?page_id=1391","title":{"rendered":"Invakuljetukset"},"content":{"rendered":"\t\t<div data-elementor-type=\"wp-page\" data-elementor-id=\"1391\" class=\"elementor elementor-1391\">\n\t\t\t\t\t\t<section class=\"elementor-section elementor-top-section elementor-element elementor-element-0e96a6a elementor-section-boxed elementor-section-height-default elementor-section-height-default\" data-id=\"0e96a6a\" data-element_type=\"section\" data-e-type=\"section\">\n\t\t\t\t\t\t<div class=\"elementor-container elementor-column-gap-default\">\n\t\t\t\t\t<div class=\"elementor-column elementor-col-66 elementor-top-column elementor-element elementor-element-4f92a12\" data-id=\"4f92a12\" data-element_type=\"column\" data-e-type=\"column\">\n\t\t\t<div class=\"elementor-widget-wrap elementor-element-populated\">\n\t\t\t\t\t\t<div class=\"elementor-element elementor-element-7d04846 elementor-widget elementor-widget-text-editor\" data-id=\"7d04846\" data-element_type=\"widget\" data-e-type=\"widget\" data-widget_type=\"text-editor.default\">\n\t\t\t\t<div class=\"elementor-widget-container\">\n\t\t\t\t\t\t\t\t\t<h2>Invakuljetukset<\/h2><p>Palveluumme kuuluu my\u00f6s erityisryhmien tarvitsemat kuljetuspalvelut. Huomattava osa pienoisbussikalustoamme on hyvin varustettu vammaisten ja liikuntarajoitteisten asiakkaiden palvelemiseen. Autot ovat joko matalalattiaisia tai ne on varustettu py\u00f6r\u00e4tuolien nostamiseen tarkoitetulla nostimella. Busseissa on auton koosta riippuen tilat 2-6 py\u00f6r\u00e4tuolin lis\u00e4ksi 5-14 saattajalle \/ avustajalle. N\u00e4m\u00e4kin automme ovat tietenkin ilmastoituja ja viihtyis\u00e4sti sisustettuja.<\/p><p>K\u00e4yt\u00f6ss\u00e4mme on t\u00e4ll\u00e4 hetkell\u00e4 8 kpl py\u00f6r\u00e4tuolikuljetuksiin soveltuvaa inva-autoa. Autoissa on joko invaliuska tai invahissi py\u00f6r\u00e4tuolien kyytiin ottamista varten.<\/p><p>Henkil\u00f6kuntamme on hyvin osaavaa liikuntaesteisten asiakkaiden \/ ryhmien kanssa toimimiseen ja heid\u00e4n avustamiseen. Reittiliikenteess\u00e4 olevat bussimme eiv\u00e4t ole esteett\u00f6mi\u00e4 joten niiss\u00e4 ei ole erikoisvarusteita liikuntarajoitteisten henkil\u00f6iden tarvitsemien v\u00e4lineiden, esim. py\u00f6r\u00e4tuolit, nostamista varten.<\/p>\t\t\t\t\t\t\t\t<\/div>\n\t\t\t\t<\/div>\n\t\t\t\t\t<\/div>\n\t\t<\/div>\n\t\t\t\t<div class=\"elementor-column elementor-col-33 elementor-top-column elementor-element elementor-element-24b2b2e\" data-id=\"24b2b2e\" data-element_type=\"column\" data-e-type=\"column\">\n\t\t\t<div class=\"elementor-widget-wrap elementor-element-populated\">\n\t\t\t\t\t\t<div class=\"elementor-element elementor-element-a8988b7 elementor-widget elementor-widget-image\" data-id=\"a8988b7\" data-element_type=\"widget\" data-e-type=\"widget\" data-widget_type=\"image.default\">\n\t\t\t\t<div class=\"elementor-widget-container\">\n\t\t\t\t\t\t\t\t\t\t\t\t\t\t\t<img fetchpriority=\"high\" decoding=\"async\" width=\"1024\" height=\"683\" src=\"https:\/\/www.mniskanen.fi\/wp-content\/uploads\/2021\/03\/IMG_2530-1024x683.jpg\" class=\"attachment-large size-large wp-image-115\" alt=\"\" srcset=\"https:\/\/www.mniskanen.fi\/wp-content\/uploads\/2021\/03\/IMG_2530-1024x683.jpg 1024w, https:\/\/www.mniskanen.fi\/wp-content\/uploads\/2021\/03\/IMG_2530-300x200.jpg 300w, https:\/\/www.mniskanen.fi\/wp-content\/uploads\/2021\/03\/IMG_2530-768x512.jpg 768w, https:\/\/www.mniskanen.fi\/wp-content\/uploads\/2021\/03\/IMG_2530-1536x1024.jpg 1536w, https:\/\/www.mniskanen.fi\/wp-content\/uploads\/2021\/03\/IMG_2530-2048x1365.jpg 2048w\" sizes=\"(max-width: 1024px) 100vw, 1024px\" \/>\t\t\t\t\t\t\t\t\t\t\t\t\t\t\t<\/div>\n\t\t\t\t<\/div>\n\t\t\t\t<div class=\"elementor-element elementor-element-c284a1d elementor-widget elementor-widget-image\" data-id=\"c284a1d\" data-element_type=\"widget\" data-e-type=\"widget\" data-widget_type=\"image.default\">\n\t\t\t\t<div class=\"elementor-widget-container\">\n\t\t\t\t\t\t\t\t\t\t\t\t\t\t\t<img decoding=\"async\" width=\"1024\" height=\"683\" src=\"https:\/\/www.mniskanen.fi\/wp-content\/uploads\/2021\/03\/IMG_2532-1024x683.jpg\" class=\"attachment-large size-large wp-image-117\" alt=\"\" srcset=\"https:\/\/www.mniskanen.fi\/wp-content\/uploads\/2021\/03\/IMG_2532-1024x683.jpg 1024w, https:\/\/www.mniskanen.fi\/wp-content\/uploads\/2021\/03\/IMG_2532-300x200.jpg 300w, https:\/\/www.mniskanen.fi\/wp-content\/uploads\/2021\/03\/IMG_2532-768x512.jpg 768w, https:\/\/www.mniskanen.fi\/wp-content\/uploads\/2021\/03\/IMG_2532-1536x1024.jpg 1536w, https:\/\/www.mniskanen.fi\/wp-content\/uploads\/2021\/03\/IMG_2532-2048x1365.jpg 2048w\" sizes=\"(max-width: 1024px) 100vw, 1024px\" \/>\t\t\t\t\t\t\t\t\t\t\t\t\t\t\t<\/div>\n\t\t\t\t<\/div>\n\t\t\t\t\t<\/div>\n\t\t<\/div>\n\t\t\t\t\t<\/div>\n\t\t<\/section>\n\t\t\t\t<section class=\"elementor-section elementor-top-section elementor-element elementor-element-0fe29b5 elementor-section-boxed elementor-section-height-default elementor-section-height-default\" data-id=\"0fe29b5\" data-element_type=\"section\" data-e-type=\"section\">\n\t\t\t\t\t\t<div class=\"elementor-container elementor-column-gap-default\">\n\t\t\t\t\t<div class=\"elementor-column elementor-col-100 elementor-top-column elementor-element elementor-element-dcca493\" data-id=\"dcca493\" data-element_type=\"column\" data-e-type=\"column\">\n\t\t\t<div class=\"elementor-widget-wrap\">\n\t\t\t\t\t\t\t<\/div>\n\t\t<\/div>\n\t\t\t\t\t<\/div>\n\t\t<\/section>\n\t\t\t\t<\/div>\n\t\t","protected":false},"excerpt":{"rendered":"<p>Invakuljetukset Palveluumme kuuluu my\u00f6s erityisryhmien tarvitsemat kuljetuspalvelut. Huomattava osa pienoisbussikalustoamme on hyvin varustettu vammaisten ja liikuntarajoitteisten asiakkaiden palvelemiseen. Autot ovat joko matalalattiaisia tai ne on varustettu py\u00f6r\u00e4tuolien nostamiseen tarkoitetulla nostimella. Busseissa on auton koosta riippuen tilat 2-6 py\u00f6r\u00e4tuolin lis\u00e4ksi 5-14 saattajalle \/ avustajalle. N\u00e4m\u00e4kin automme ovat tietenkin ilmastoituja ja viihtyis\u00e4sti sisustettuja. K\u00e4yt\u00f6ss\u00e4mme on t\u00e4ll\u00e4 hetkell\u00e4 8 kpl py\u00f6r\u00e4tuolikuljetuksiin soveltuvaa inva-autoa. Autoissa on joko invaliuska tai invahissi py\u00f6r\u00e4tuolien kyytiin ottamista varten. Henkil\u00f6kuntamme on hyvin osaavaa liikuntaesteisten asiakkaiden \/ ryhmien kanssa toimimiseen ja heid\u00e4n avustamiseen. Reittiliikenteess\u00e4 olevat bussimme eiv\u00e4t ole esteett\u00f6mi\u00e4 joten niiss\u00e4 ei ole erikoisvarusteita liikuntarajoitteisten henkil\u00f6iden tarvitsemien v\u00e4lineiden, esim. py\u00f6r\u00e4tuolit,&#8230; <\/p>\n","protected":false},"author":2,"featured_media":0,"parent":0,"menu_order":0,"comment_status":"closed","ping_status":"closed","template":"","meta":{"footnotes":""},"class_list":["post-1391","page","type-page","status-publish","hentry"],"_links":{"self":[{"href":"https:\/\/www.mniskanen.fi\/index.php?rest_route=\/wp\/v2\/pages\/1391","targetHints":{"allow":["GET"]}}],"collection":[{"href":"https:\/\/www.mniskanen.fi\/index.php?rest_route=\/wp\/v2\/pages"}],"about":[{"href":"https:\/\/www.mniskanen.fi\/index.php?rest_route=\/wp\/v2\/types\/page"}],"author":[{"embeddable":true,"href":"https:\/\/www.mniskanen.fi\/index.php?rest_route=\/wp\/v2\/users\/2"}],"replies":[{"embeddable":true,"href":"https:\/\/www.mniskanen.fi\/index.php?rest_route=%2Fwp%2Fv2%2Fcomments&post=1391"}],"version-history":[{"count":9,"href":"https:\/\/www.mniskanen.fi\/index.php?rest_route=\/wp\/v2\/pages\/1391\/revisions"}],"predecessor-version":[{"id":1526,"href":"https:\/\/www.mniskanen.fi\/index.php?rest_route=\/wp\/v2\/pages\/1391\/revisions\/1526"}],"wp:attachment":[{"href":"https:\/\/www.mniskanen.fi\/index.php?rest_route=%2Fwp%2Fv2%2Fmedia&parent=1391"}],"curies":[{"name":"wp","href":"https:\/\/api.w.org\/{rel}","templated":true}]}}