{"id":1388,"date":"2024-04-24T09:00:08","date_gmt":"2024-04-24T09:00:08","guid":{"rendered":"https:\/\/www.mniskanen.fi\/?page_id=1388"},"modified":"2024-04-25T12:35:01","modified_gmt":"2024-04-25T12:35:01","slug":"korjaamopalvelut","status":"publish","type":"page","link":"https:\/\/www.mniskanen.fi\/?page_id=1388","title":{"rendered":"Korjaamopalvelut"},"content":{"rendered":"\t\t<div data-elementor-type=\"wp-page\" data-elementor-id=\"1388\" class=\"elementor elementor-1388\">\n\t\t\t\t\t\t<section class=\"elementor-section elementor-top-section elementor-element elementor-element-1a8de38 elementor-section-boxed elementor-section-height-default elementor-section-height-default\" data-id=\"1a8de38\" data-element_type=\"section\" data-e-type=\"section\">\n\t\t\t\t\t\t<div class=\"elementor-container elementor-column-gap-default\">\n\t\t\t\t\t<div class=\"elementor-column elementor-col-66 elementor-top-column elementor-element elementor-element-5823042\" data-id=\"5823042\" data-element_type=\"column\" data-e-type=\"column\">\n\t\t\t<div class=\"elementor-widget-wrap elementor-element-populated\">\n\t\t\t\t\t\t<div class=\"elementor-element elementor-element-7544113 elementor-widget elementor-widget-text-editor\" data-id=\"7544113\" data-element_type=\"widget\" data-e-type=\"widget\" data-widget_type=\"text-editor.default\">\n\t\t\t\t<div class=\"elementor-widget-container\">\n\t\t\t\t\t\t\t\t\t<h2>Korjaamopalvelut henkil\u00f6autoille sek\u00e4 raskaalle kalustolle.<\/h2>\n<p>Tallillamme onnistuu huollot ja korjaukset ammattitaitoisen henkil\u00f6kunnan toimesta. Sovittehan huollon etuk\u00e4teen.<\/p>\n<p>K\u00e4yt\u00f6ss\u00e4mme on nosturi my\u00f6s raskaalle kalustolle. \u00d6ljy\u00e4, polttimoita, hihnoja linja-autoihin, jarrun osia, ilmatyynyj\u00e4 yms. &#8221;ensihoitotarvikkeita&#8221; pidet\u00e4\u00e4n varastossa jonkin verran eli ota yhteytt\u00e4 jos tarvitset apua.<br>My\u00f6s raskaankaluston ilmastointilaitteiden huollot ja korjaukset onnistuvat ja ko. laitteisiin l\u00f6ytyy jonkin verran vara-osia.<\/p>\n<p>Myymme ja asennamme my\u00f6s Dignita alkolukkoja jonka valtuutettu asentamo olemme. <br>Meilt\u00e4 my\u00f6s DPF pesut!<\/p>\t\t\t\t\t\t\t\t<\/div>\n\t\t\t\t<\/div>\n\t\t\t\t\t<\/div>\n\t\t<\/div>\n\t\t\t\t<div class=\"elementor-column elementor-col-33 elementor-top-column elementor-element elementor-element-c613acc\" data-id=\"c613acc\" data-element_type=\"column\" data-e-type=\"column\">\n\t\t\t<div class=\"elementor-widget-wrap elementor-element-populated\">\n\t\t\t\t\t\t<div class=\"elementor-element elementor-element-081b382 elementor-widget__width-initial elementor-widget elementor-widget-image\" data-id=\"081b382\" data-element_type=\"widget\" data-e-type=\"widget\" data-widget_type=\"image.default\">\n\t\t\t\t<div class=\"elementor-widget-container\">\n\t\t\t\t\t\t\t\t\t\t\t\t\t\t\t<img fetchpriority=\"high\" decoding=\"async\" width=\"960\" height=\"960\" src=\"https:\/\/www.mniskanen.fi\/wp-content\/uploads\/2024\/04\/korjaamokuva.jpg\" class=\"attachment-large size-large wp-image-1520\" alt=\"\" srcset=\"https:\/\/www.mniskanen.fi\/wp-content\/uploads\/2024\/04\/korjaamokuva.jpg 960w, https:\/\/www.mniskanen.fi\/wp-content\/uploads\/2024\/04\/korjaamokuva-300x300.jpg 300w, https:\/\/www.mniskanen.fi\/wp-content\/uploads\/2024\/04\/korjaamokuva-150x150.jpg 150w, https:\/\/www.mniskanen.fi\/wp-content\/uploads\/2024\/04\/korjaamokuva-768x768.jpg 768w, https:\/\/www.mniskanen.fi\/wp-content\/uploads\/2024\/04\/korjaamokuva-400x400.jpg 400w\" sizes=\"(max-width: 960px) 100vw, 960px\" \/>\t\t\t\t\t\t\t\t\t\t\t\t\t\t\t<\/div>\n\t\t\t\t<\/div>\n\t\t\t\t\t<\/div>\n\t\t<\/div>\n\t\t\t\t\t<\/div>\n\t\t<\/section>\n\t\t\t\t<\/div>\n\t\t","protected":false},"excerpt":{"rendered":"<p>Korjaamopalvelut henkil\u00f6autoille sek\u00e4 raskaalle kalustolle. Tallillamme onnistuu huollot ja korjaukset ammattitaitoisen henkil\u00f6kunnan toimesta. Sovittehan huollon etuk\u00e4teen. K\u00e4yt\u00f6ss\u00e4mme on nosturi my\u00f6s raskaalle kalustolle. \u00d6ljy\u00e4, polttimoita, hihnoja linja-autoihin, jarrun osia, ilmatyynyj\u00e4 yms. &#8221;ensihoitotarvikkeita&#8221; pidet\u00e4\u00e4n varastossa jonkin verran eli ota yhteytt\u00e4 jos tarvitset apua.My\u00f6s raskaankaluston ilmastointilaitteiden huollot ja korjaukset onnistuvat ja ko. laitteisiin l\u00f6ytyy jonkin verran vara-osia. Myymme ja asennamme my\u00f6s Dignita alkolukkoja jonka valtuutettu asentamo olemme. Meilt\u00e4 my\u00f6s DPF pesut!<\/p>\n","protected":false},"author":2,"featured_media":0,"parent":0,"menu_order":0,"comment_status":"closed","ping_status":"closed","template":"","meta":{"footnotes":""},"class_list":["post-1388","page","type-page","status-publish","hentry"],"_links":{"self":[{"href":"https:\/\/www.mniskanen.fi\/index.php?rest_route=\/wp\/v2\/pages\/1388","targetHints":{"allow":["GET"]}}],"collection":[{"href":"https:\/\/www.mniskanen.fi\/index.php?rest_route=\/wp\/v2\/pages"}],"about":[{"href":"https:\/\/www.mniskanen.fi\/index.php?rest_route=\/wp\/v2\/types\/page"}],"author":[{"embeddable":true,"href":"https:\/\/www.mniskanen.fi\/index.php?rest_route=\/wp\/v2\/users\/2"}],"replies":[{"embeddable":true,"href":"https:\/\/www.mniskanen.fi\/index.php?rest_route=%2Fwp%2Fv2%2Fcomments&post=1388"}],"version-history":[{"count":11,"href":"https:\/\/www.mniskanen.fi\/index.php?rest_route=\/wp\/v2\/pages\/1388\/revisions"}],"predecessor-version":[{"id":1541,"href":"https:\/\/www.mniskanen.fi\/index.php?rest_route=\/wp\/v2\/pages\/1388\/revisions\/1541"}],"wp:attachment":[{"href":"https:\/\/www.mniskanen.fi\/index.php?rest_route=%2Fwp%2Fv2%2Fmedia&parent=1388"}],"curies":[{"name":"wp","href":"https:\/\/api.w.org\/{rel}","templated":true}]}}