{"id":1376,"date":"2024-04-24T08:28:12","date_gmt":"2024-04-24T08:28:12","guid":{"rendered":"https:\/\/www.mniskanen.fi\/?page_id=1376"},"modified":"2025-08-07T07:31:38","modified_gmt":"2025-08-07T07:31:38","slug":"kaluston-vuokraus","status":"publish","type":"page","link":"https:\/\/www.mniskanen.fi\/?page_id=1376","title":{"rendered":"Kaluston vuokraus"},"content":{"rendered":"\t\t<div data-elementor-type=\"wp-page\" data-elementor-id=\"1376\" class=\"elementor elementor-1376\">\n\t\t\t\t\t\t<section class=\"elementor-section elementor-top-section elementor-element elementor-element-b11abb8 elementor-section-boxed elementor-section-height-default elementor-section-height-default\" data-id=\"b11abb8\" data-element_type=\"section\" data-e-type=\"section\">\n\t\t\t\t\t\t<div class=\"elementor-container elementor-column-gap-default\">\n\t\t\t\t\t<div class=\"elementor-column elementor-col-66 elementor-top-column elementor-element elementor-element-4fb0b75\" data-id=\"4fb0b75\" data-element_type=\"column\" data-e-type=\"column\">\n\t\t\t<div class=\"elementor-widget-wrap elementor-element-populated\">\n\t\t\t\t\t\t<div class=\"elementor-element elementor-element-b5e93ac elementor-widget__width-initial elementor-widget elementor-widget-text-editor\" data-id=\"b5e93ac\" data-element_type=\"widget\" data-e-type=\"widget\" data-widget_type=\"text-editor.default\">\n\t\t\t\t<div class=\"elementor-widget-container\">\n\t\t\t\t\t\t\t\t\t<h2>Palvelemme yksityisi\u00e4 ja yrityksi\u00e4 my\u00f6s autojen vuokrauksella.<\/h2>\n<p><br>Vuokraamme busseja vain sellaisille henkil\u00f6ille joilla on todistettavasti ajokokemusta. <br>Kuljettajalla t\u00e4ytyy olla digikortti ajopiirturiin sek\u00e4 ammattip\u00e4tevyyskoulutukset hoidettuna.<\/p>\n<p>Kaikki bussit ovat hyv\u00e4tasoisia mm. ilmastointi yms.&nbsp;<\/p>\n<p>Isoja t\u00e4ysturistibusseja emme vuokraa p\u00e4\u00e4s\u00e4\u00e4nt\u00f6isesti ulkopuolisille.<\/p>\n<p><strong>Vuokraus hinnat:<\/strong> <br>Sovitaan kertakohtaisesti.<\/p>\n<p><strong>Kysy lis\u00e4\u00e4:<\/strong> <br>0400 747 056<\/p>\t\t\t\t\t\t\t\t<\/div>\n\t\t\t\t<\/div>\n\t\t\t\t\t<\/div>\n\t\t<\/div>\n\t\t\t\t<div class=\"elementor-column elementor-col-33 elementor-top-column elementor-element elementor-element-7c06f08\" data-id=\"7c06f08\" data-element_type=\"column\" data-e-type=\"column\">\n\t\t\t<div class=\"elementor-widget-wrap elementor-element-populated\">\n\t\t\t\t\t\t<div class=\"elementor-element elementor-element-c293f5b elementor-widget elementor-widget-image\" data-id=\"c293f5b\" data-element_type=\"widget\" data-e-type=\"widget\" data-widget_type=\"image.default\">\n\t\t\t\t<div class=\"elementor-widget-container\">\n\t\t\t\t\t\t\t\t\t\t\t\t\t\t\t<img fetchpriority=\"high\" decoding=\"async\" width=\"960\" height=\"640\" src=\"https:\/\/www.mniskanen.fi\/wp-content\/uploads\/2024\/04\/kuva10.jpg\" class=\"attachment-large size-large wp-image-1476\" alt=\"\" srcset=\"https:\/\/www.mniskanen.fi\/wp-content\/uploads\/2024\/04\/kuva10.jpg 960w, https:\/\/www.mniskanen.fi\/wp-content\/uploads\/2024\/04\/kuva10-300x200.jpg 300w, https:\/\/www.mniskanen.fi\/wp-content\/uploads\/2024\/04\/kuva10-768x512.jpg 768w\" sizes=\"(max-width: 960px) 100vw, 960px\" \/>\t\t\t\t\t\t\t\t\t\t\t\t\t\t\t<\/div>\n\t\t\t\t<\/div>\n\t\t\t\t<div class=\"elementor-element elementor-element-2e542ec elementor-widget elementor-widget-image\" data-id=\"2e542ec\" data-element_type=\"widget\" data-e-type=\"widget\" data-widget_type=\"image.default\">\n\t\t\t\t<div class=\"elementor-widget-container\">\n\t\t\t\t\t\t\t\t\t\t\t\t\t\t\t<img decoding=\"async\" width=\"855\" height=\"570\" src=\"https:\/\/www.mniskanen.fi\/wp-content\/uploads\/2024\/04\/kuva9.jpg\" class=\"attachment-large size-large wp-image-1475\" alt=\"\" srcset=\"https:\/\/www.mniskanen.fi\/wp-content\/uploads\/2024\/04\/kuva9.jpg 855w, https:\/\/www.mniskanen.fi\/wp-content\/uploads\/2024\/04\/kuva9-300x200.jpg 300w, https:\/\/www.mniskanen.fi\/wp-content\/uploads\/2024\/04\/kuva9-768x512.jpg 768w\" sizes=\"(max-width: 855px) 100vw, 855px\" \/>\t\t\t\t\t\t\t\t\t\t\t\t\t\t\t<\/div>\n\t\t\t\t<\/div>\n\t\t\t\t\t<\/div>\n\t\t<\/div>\n\t\t\t\t\t<\/div>\n\t\t<\/section>\n\t\t\t\t<\/div>\n\t\t","protected":false},"excerpt":{"rendered":"<p>Palvelemme yksityisi\u00e4 ja yrityksi\u00e4 my\u00f6s autojen vuokrauksella. Vuokraamme busseja vain sellaisille henkil\u00f6ille joilla on todistettavasti ajokokemusta. Kuljettajalla t\u00e4ytyy olla digikortti ajopiirturiin sek\u00e4 ammattip\u00e4tevyyskoulutukset hoidettuna. Kaikki bussit ovat hyv\u00e4tasoisia mm. ilmastointi yms.&nbsp; Isoja t\u00e4ysturistibusseja emme vuokraa p\u00e4\u00e4s\u00e4\u00e4nt\u00f6isesti ulkopuolisille. Vuokraus hinnat: Sovitaan kertakohtaisesti. Kysy lis\u00e4\u00e4: 0400 747 056<\/p>\n","protected":false},"author":2,"featured_media":0,"parent":81,"menu_order":0,"comment_status":"closed","ping_status":"closed","template":"","meta":{"footnotes":""},"class_list":["post-1376","page","type-page","status-publish","hentry"],"_links":{"self":[{"href":"https:\/\/www.mniskanen.fi\/index.php?rest_route=\/wp\/v2\/pages\/1376","targetHints":{"allow":["GET"]}}],"collection":[{"href":"https:\/\/www.mniskanen.fi\/index.php?rest_route=\/wp\/v2\/pages"}],"about":[{"href":"https:\/\/www.mniskanen.fi\/index.php?rest_route=\/wp\/v2\/types\/page"}],"author":[{"embeddable":true,"href":"https:\/\/www.mniskanen.fi\/index.php?rest_route=\/wp\/v2\/users\/2"}],"replies":[{"embeddable":true,"href":"https:\/\/www.mniskanen.fi\/index.php?rest_route=%2Fwp%2Fv2%2Fcomments&post=1376"}],"version-history":[{"count":19,"href":"https:\/\/www.mniskanen.fi\/index.php?rest_route=\/wp\/v2\/pages\/1376\/revisions"}],"predecessor-version":[{"id":1834,"href":"https:\/\/www.mniskanen.fi\/index.php?rest_route=\/wp\/v2\/pages\/1376\/revisions\/1834"}],"up":[{"embeddable":true,"href":"https:\/\/www.mniskanen.fi\/index.php?rest_route=\/wp\/v2\/pages\/81"}],"wp:attachment":[{"href":"https:\/\/www.mniskanen.fi\/index.php?rest_route=%2Fwp%2Fv2%2Fmedia&parent=1376"}],"curies":[{"name":"wp","href":"https:\/\/api.w.org\/{rel}","templated":true}]}}