{"id":1361,"date":"2024-04-24T08:09:22","date_gmt":"2024-04-24T08:09:22","guid":{"rendered":"https:\/\/www.mniskanen.fi\/?page_id=1361"},"modified":"2026-01-09T11:46:35","modified_gmt":"2026-01-09T11:46:35","slug":"yhteystiedot-2","status":"publish","type":"page","link":"https:\/\/www.mniskanen.fi\/?page_id=1361","title":{"rendered":"Yhteystiedot"},"content":{"rendered":"<p><strong>Mika K. Niskanen Oy<\/strong><\/p>\n<p>Ratakatu 6, 74120 Iisalmi<\/p>\n<p>iisalmi@mniskanen.fi<\/p>\n<p>p. 0400 747 056 (kiireellisiss\u00e4 asioissa p\u00e4ivystys my\u00f6s iltaisin ja viikonloppuisin)<\/p>\n<p>L\u00f6yt\u00f6tavaroista kyselyt pyyd\u00e4mme kysym\u00e4\u00e4n suoraan autoista tai s\u00e4hk\u00f6postitse: iisalmi@mniskanen.fi<\/p>\n<p>&nbsp;<\/p>\n<p>Joensuu-Iisalmi-Joensuu linjan numero: 044 763 3587<\/p>\n<p>&nbsp;<\/p>\n<p><strong>MatkaSavo<\/strong><\/p>\n<p>p. 040 741 8001<\/p>\n<p>iisalmi@matkasavo.fi<\/p>\n<p>Asiakask\u00e4ynnit vain erillissopimuksesta.<br \/>\nMatkaSavo toimii Mika K. Niskanen Oy:n aputoiminimen\u00e4 ja sille kuuluvat laskut voitte osoittaa Mika K. Niskanen Oy:lle.<\/p>\n<p>&nbsp;<\/p>\n<p><strong>Korjaamo<\/strong><\/p>\n<p>p. 0400 225 068<\/p>\n<p>korjaamo@mniskanen.fi<\/p>\n<p>&nbsp;<\/p>\n<p><strong>Laskutustietomme<\/strong><\/p>\n<p>Otamme vastaan ainoastaan verkkolaskuja.<br \/>\nLaskutusta koskevissa kysymyksiss\u00e4 olkaa yhteydess\u00e4:<br \/>\ntoimisto@mniskanen.fi<\/p>\n<p><strong>Verkkolaskutustietomme:<\/strong><\/p>\n<p>Mika K. Niskanen Oy<br \/>\ny-tunnus: 1547180-9<br \/>\nVerkkolaskuosoite: 003715471809<br \/>\nV\u00e4litt\u00e4j\u00e4n tunnus: 003708599126<br \/>\nV\u00e4litt\u00e4j\u00e4: Open Text Oy<\/p>\n","protected":false},"excerpt":{"rendered":"<p>Mika K. Niskanen Oy Ratakatu 6, 74120 Iisalmi iisalmi@mniskanen.fi p. 0400 747 056 (kiireellisiss\u00e4 asioissa p\u00e4ivystys my\u00f6s iltaisin ja viikonloppuisin) L\u00f6yt\u00f6tavaroista kyselyt pyyd\u00e4mme kysym\u00e4\u00e4n suoraan autoista tai s\u00e4hk\u00f6postitse: iisalmi@mniskanen.fi &nbsp; Joensuu-Iisalmi-Joensuu linjan numero: 044 763 3587 &nbsp; MatkaSavo p. 040 741 8001 iisalmi@matkasavo.fi Asiakask\u00e4ynnit vain erillissopimuksesta. MatkaSavo toimii Mika K. Niskanen Oy:n aputoiminimen\u00e4 ja sille kuuluvat laskut voitte osoittaa Mika K. Niskanen Oy:lle. &nbsp; Korjaamo p. 0400 225 068 korjaamo@mniskanen.fi &nbsp; Laskutustietomme Otamme vastaan ainoastaan verkkolaskuja. Laskutusta koskevissa kysymyksiss\u00e4 olkaa yhteydess\u00e4: toimisto@mniskanen.fi Verkkolaskutustietomme: Mika K. Niskanen Oy y-tunnus: 1547180-9 Verkkolaskuosoite: 003715471809 V\u00e4litt\u00e4j\u00e4n tunnus: 003708599126 V\u00e4litt\u00e4j\u00e4: Open Text Oy<\/p>\n","protected":false},"author":2,"featured_media":0,"parent":0,"menu_order":0,"comment_status":"closed","ping_status":"closed","template":"","meta":{"footnotes":""},"class_list":["post-1361","page","type-page","status-publish","hentry"],"_links":{"self":[{"href":"https:\/\/www.mniskanen.fi\/index.php?rest_route=\/wp\/v2\/pages\/1361","targetHints":{"allow":["GET"]}}],"collection":[{"href":"https:\/\/www.mniskanen.fi\/index.php?rest_route=\/wp\/v2\/pages"}],"about":[{"href":"https:\/\/www.mniskanen.fi\/index.php?rest_route=\/wp\/v2\/types\/page"}],"author":[{"embeddable":true,"href":"https:\/\/www.mniskanen.fi\/index.php?rest_route=\/wp\/v2\/users\/2"}],"replies":[{"embeddable":true,"href":"https:\/\/www.mniskanen.fi\/index.php?rest_route=%2Fwp%2Fv2%2Fcomments&post=1361"}],"version-history":[{"count":8,"href":"https:\/\/www.mniskanen.fi\/index.php?rest_route=\/wp\/v2\/pages\/1361\/revisions"}],"predecessor-version":[{"id":1868,"href":"https:\/\/www.mniskanen.fi\/index.php?rest_route=\/wp\/v2\/pages\/1361\/revisions\/1868"}],"wp:attachment":[{"href":"https:\/\/www.mniskanen.fi\/index.php?rest_route=%2Fwp%2Fv2%2Fmedia&parent=1361"}],"curies":[{"name":"wp","href":"https:\/\/api.w.org\/{rel}","templated":true}]}}